{"id":44,"date":"2024-08-29T14:16:49","date_gmt":"2024-08-29T12:16:49","guid":{"rendered":"https:\/\/speditiongersch.wordpress.com\/?page_id=44"},"modified":"2025-01-14T14:17:35","modified_gmt":"2025-01-14T14:17:35","slug":"ansprechpartner","status":"publish","type":"page","link":"https:\/\/spedition-gersch.de\/?page_id=44","title":{"rendered":"Kontakt"},"content":{"rendered":"\n<div class=\"wp-block-group alignfull has-global-padding is-content-justification-center is-layout-constrained wp-container-core-group-is-layout-df757ecc wp-block-group-is-layout-constrained\" style=\"margin-top:0;margin-bottom:0;padding-top:calc( 0.5 * var(--wp--style--root--padding-right, var(--wp--custom--gap--horizontal)));padding-right:var(--wp--style--root--padding-right, var(--wp--custom--gap--horizontal));padding-bottom:calc( 0.5 * var(--wp--style--root--padding-right, var(--wp--custom--gap--horizontal)));padding-left:var(--wp--style--root--padding-left, var(--wp--custom--gap--horizontal))\">\n<div style=\"height:56px\" aria-hidden=\"true\" class=\"wp-block-spacer\"><\/div>\n\n\n\n<p><\/p>\n<\/div>\n\n\n\n<p><strong>Gesch\u00e4ftsf\u00fchrung<\/strong><\/p>\n\n\n\n<p class=\"has-medium-font-size\">Martin Gersch<\/p>\n\n\n\n<p class=\"has-medium-font-size\">039205 66314<\/p>\n\n\n\n<p class=\"has-text-align-left has-medium-font-size\">E-Mail: m.gersch@spedition-gersch.de<\/p>\n\n\n\n<p class=\"has-medium-font-size\"><\/p>\n\n\n\n<p class=\"has-medium-font-size\">Eberhard Gersch<\/p>\n\n\n\n<p class=\"has-medium-font-size\">039205 66359<\/p>\n\n\n\n<p class=\"has-medium-font-size\">E-Mail: e.gersch@spedition-gersch.de<\/p>\n\n\n\n<div style=\"height:109px\" aria-hidden=\"true\" class=\"wp-block-spacer\"><\/div>\n\n\n\n<p><strong>Getreide, Kartoffeln, D\u00fcnger, Sch\u00fcttgut, GMP+ Masseg\u00fcter, Streusalz<\/strong><\/p>\n\n\n\n<div class=\"wp-block-group is-nowrap is-layout-flex wp-container-core-group-is-layout-6c531013 wp-block-group-is-layout-flex\">\n<p class=\"has-medium-font-size\">Martin Ruffert<\/p>\n\n\n\n<div style=\"margin-top:0;margin-bottom:0;height:100px;width:246px\" aria-hidden=\"true\" class=\"wp-block-spacer wp-container-content-db808b6d\"><\/div>\n<\/div>\n\n\n\n<p class=\"has-medium-font-size\">039205 66311<\/p>\n\n\n\n<p class=\"has-medium-font-size\">E-Mail: m.ruffert@spedition-gersch.de<\/p>\n\n\n\n<div style=\"height:20px\" aria-hidden=\"true\" class=\"wp-block-spacer\"><\/div>\n\n\n\n<p class=\"has-medium-font-size\">Felix Helbig<\/p>\n\n\n\n<p class=\"has-medium-font-size\">039205 66324<\/p>\n\n\n\n<p class=\"has-medium-font-size\">E-Mail: f.helbig@spedition-gersch.de<\/p>\n\n\n\n<div style=\"height:53px\" aria-hidden=\"true\" class=\"wp-block-spacer\"><\/div>\n\n\n\n<p><strong>Holzdisposition<\/strong><\/p>\n\n\n\n<p class=\"has-medium-font-size\">Thomas Bachmann<\/p>\n\n\n\n<p class=\"has-medium-font-size\">039205 66328<\/p>\n\n\n\n<p class=\"has-medium-font-size\">E-Mail: t.bachmann@spedition-gersch.de<\/p>\n\n\n\n<div style=\"height:51px\" aria-hidden=\"true\" class=\"wp-block-spacer\"><\/div>\n\n\n\n<p><strong>Abrechnung<\/strong><\/p>\n\n\n\n<p class=\"has-medium-font-size\">Silke Peine<\/p>\n\n\n\n<p class=\"has-medium-font-size\">039205 66316<\/p>\n\n\n\n<p class=\"has-medium-font-size\">E-Mail: s.peine@spedition-gersch.de<\/p>\n\n\n\n<div style=\"height:42px\" aria-hidden=\"true\" class=\"wp-block-spacer\"><\/div>\n\n\n\n<p><strong>Fax:<\/strong><\/p>\n\n\n\n<p class=\"has-medium-font-size\">039205 66310<\/p>\n\n\n\n<div style=\"height:100px\" aria-hidden=\"true\" class=\"wp-block-spacer\"><\/div>\n\n\n\n<p><strong>Absetzcontainer<\/strong><\/p>\n\n\n\n<p class=\"has-medium-font-size\">Andrea Gersch<\/p>\n\n\n\n<p class=\"has-medium-font-size\">039205 66317<\/p>\n\n\n\n<p class=\"has-primary-color has-text-color has-link-color has-medium-font-size wp-elements-b23b44efdf43065766f4ee732af02e99\">E-Mail: info@spedition-gersch.de<\/p>\n\n\n\n<div style=\"height:100px\" aria-hidden=\"true\" class=\"wp-block-spacer\"><\/div>\n\n\n\n<p class=\"has-medium-font-size\" style=\"font-style:normal;font-weight:700;line-height:1.6\">Adresse:<\/p>\n\n\n\n<p class=\"has-medium-font-size\" style=\"line-height:1.6\">Buttenkrug 1a, 39171 S\u00fclzetal OT Altenweddingen<\/p>\n\n\n\n<iframe src=\"https:\/\/www.google.com\/maps\/embed?pb=!1m18!1m12!1m3!1d27511.84711077531!2d11.512645784916767!3d51.99891797575676!2m3!1f0!2f0!3f0!3m2!1i1024!2i768!4f13.1!3m3!1m2!1s0x47a5f2f847c2484f%3A0x2d6a27830d9c119e!2sEberhard%20Gersch!5e1!3m2!1sde!2sde!4v1729519053248!5m2!1sde!2sde\" width=\"350\" height=\"300\" style=\"border:0;\" allowfullscreen=\"\" loading=\"lazy\" referrerpolicy=\"no-referrer-when-downgrade\"><\/iframe>\n\n\n\n<div style=\"height:0px\" aria-hidden=\"true\" class=\"wp-block-spacer\"><\/div>\n\n\n\n<div class=\"wp-block-group alignfull has-global-padding is-content-justification-center is-layout-constrained wp-container-core-group-is-layout-df757ecc wp-block-group-is-layout-constrained\" style=\"margin-top:0;margin-bottom:0;padding-top:calc( 0.5 * var(--wp--style--root--padding-right, var(--wp--custom--gap--horizontal)));padding-right:var(--wp--style--root--padding-right, var(--wp--custom--gap--horizontal));padding-bottom:calc( 0.5 * var(--wp--style--root--padding-right, var(--wp--custom--gap--horizontal)));padding-left:var(--wp--style--root--padding-left, var(--wp--custom--gap--horizontal))\">\n<div style=\"height:0px\" aria-hidden=\"true\" class=\"wp-block-spacer\"><\/div>\n\n\n\n<div class=\"wp-block-columns alignwide is-layout-flex wp-container-core-columns-is-layout-28f84493 wp-block-columns-is-layout-flex\">\n<div class=\"wp-block-column is-vertically-aligned-top is-layout-flow wp-block-column-is-layout-flow\" style=\"flex-basis:33.33%\">\n<div class=\"wp-block-group is-layout-flow wp-container-core-group-is-layout-47e5a185 wp-block-group-is-layout-flow\"><\/div>\n\n\n\n<div style=\"height:30px\" aria-hidden=\"true\" class=\"wp-block-spacer\"><\/div>\n\n\n\n<div class=\"wp-block-group is-layout-flow wp-container-core-group-is-layout-47e5a185 wp-block-group-is-layout-flow\">\n<p class=\"has-small-font-size\" style=\"font-style:normal;font-weight:700;line-height:1.6\">\u00d6ffnungszeiten:<\/p>\n\n\n\n<p class=\"has-small-font-size\" style=\"line-height:1.6\">Mo. &#8211; Fr. 08.00- 18.00 Uhr<\/p>\n\n\n\n<p><\/p>\n<\/div>\n\n\n\n<div class=\"wp-block-group is-layout-flow wp-container-core-group-is-layout-47e5a185 wp-block-group-is-layout-flow\">\n<p class=\"has-small-font-size\" style=\"font-style:normal;font-weight:700;line-height:1.6\"><\/p>\n<\/div>\n<\/div>\n<\/div>\n\n\n\n<div style=\"height:calc( 0.25 * var(--wp--style--root--padding-right, var(--wp--custom--gap--horizontal)))\" aria-hidden=\"true\" class=\"wp-block-spacer\"><\/div>\n<\/div>\n\n\n\n<div class=\"wp-block-group alignfull has-global-padding is-content-justification-center is-layout-constrained wp-container-core-group-is-layout-df757ecc wp-block-group-is-layout-constrained\" style=\"margin-top:0;margin-bottom:0;padding-top:calc( 0.5 * var(--wp--style--root--padding-right, var(--wp--custom--gap--horizontal)));padding-right:var(--wp--style--root--padding-right, var(--wp--custom--gap--horizontal));padding-bottom:calc( 0.5 * var(--wp--style--root--padding-right, var(--wp--custom--gap--horizontal)));padding-left:var(--wp--style--root--padding-left, var(--wp--custom--gap--horizontal))\">\n<div style=\"height:59px\" aria-hidden=\"true\" class=\"wp-block-spacer\"><\/div>\n\n\n\n<div style=\"height:calc( 0.25 * var(--wp--style--root--padding-right, var(--wp--custom--gap--horizontal)))\" aria-hidden=\"true\" class=\"wp-block-spacer\"><\/div>\n<\/div>\n","protected":false},"excerpt":{"rendered":"<p>Gesch\u00e4ftsf\u00fchrung Martin Gersch 039205 66314 E-Mail: m.gersch@spedition-gersch.de Eberhard Gersch 039205 66359 E-Mail: e.gersch@spedition-gersch.de Getreide, Kartoffeln, D\u00fcnger, Sch\u00fcttgut, GMP+ Masseg\u00fcter, Streusalz Martin Ruffert 039205 66311 E-Mail: m.ruffert@spedition-gersch.de Felix Helbig 039205 66324 E-Mail: f.helbig@spedition-gersch.de Holzdisposition Thomas Bachmann 039205 66328 E-Mail: t.bachmann@spedition-gersch.de Abrechnung Silke Peine 039205 66316 E-Mail: s.peine@spedition-gersch.de Fax: 039205 66310 Absetzcontainer Andrea Gersch 039205 66317 E-Mail: [&hellip;]<\/p>\n","protected":false},"author":2,"featured_media":0,"parent":0,"menu_order":0,"comment_status":"closed","ping_status":"closed","template":"indi","meta":{"ngg_post_thumbnail":0,"footnotes":""},"class_list":["post-44","page","type-page","status-publish","hentry"],"_links":{"self":[{"href":"https:\/\/spedition-gersch.de\/index.php?rest_route=\/wp\/v2\/pages\/44","targetHints":{"allow":["GET"]}}],"collection":[{"href":"https:\/\/spedition-gersch.de\/index.php?rest_route=\/wp\/v2\/pages"}],"about":[{"href":"https:\/\/spedition-gersch.de\/index.php?rest_route=\/wp\/v2\/types\/page"}],"author":[{"embeddable":true,"href":"https:\/\/spedition-gersch.de\/index.php?rest_route=\/wp\/v2\/users\/2"}],"replies":[{"embeddable":true,"href":"https:\/\/spedition-gersch.de\/index.php?rest_route=%2Fwp%2Fv2%2Fcomments&post=44"}],"version-history":[{"count":9,"href":"https:\/\/spedition-gersch.de\/index.php?rest_route=\/wp\/v2\/pages\/44\/revisions"}],"predecessor-version":[{"id":442,"href":"https:\/\/spedition-gersch.de\/index.php?rest_route=\/wp\/v2\/pages\/44\/revisions\/442"}],"wp:attachment":[{"href":"https:\/\/spedition-gersch.de\/index.php?rest_route=%2Fwp%2Fv2%2Fmedia&parent=44"}],"curies":[{"name":"wp","href":"https:\/\/api.w.org\/{rel}","templated":true}]}}